{"id":533,"date":"2017-02-02T17:43:06","date_gmt":"2017-02-02T16:43:06","guid":{"rendered":"http:\/\/localhost:8888\/test\/?page_id=533"},"modified":"2017-03-01T16:09:13","modified_gmt":"2017-03-01T16:09:13","slug":"o-nama","status":"publish","type":"page","link":"http:\/\/foto-simunic.hr\/?page_id=533","title":{"rendered":"O nama"},"content":{"rendered":"<div id=\"pl-533\"  class=\"panel-layout\" ><div id=\"pg-533-0\"  class=\"panel-grid panel-no-style\" ><div id=\"pgc-533-0-0\"  class=\"panel-grid-cell\" ><div id=\"panel-533-0-0-0\" class=\"so-panel widget widget_sow-editor panel-first-child panel-last-child\" data-index=\"0\" ><div class=\"so-widget-sow-editor so-widget-sow-editor-base\"><h3 class=\"widget-title\">Foto \u0160imuni\u0107<\/h3>\n<div class=\"siteorigin-widget-tinymce textwidget\">\n\t<p>Obiteljski obrt otvoren 1978. godine. Od 2000. godine obrt nastavlja druga generacija obitelji \u0160imuni\u0107.<br \/>\nDanas imamo moderno opremljeni digitalni laboratorij, koji nam omogu\u0107ava profesionalnost u izvr\u0161avanju svih fotografskih zadataka.<\/p>\n<\/div>\n<\/div><\/div><\/div><div id=\"pgc-533-0-1\"  class=\"panel-grid-cell\" ><div id=\"panel-533-0-1-0\" class=\"so-panel widget widget_sow-editor panel-first-child panel-last-child\" data-index=\"1\" ><div class=\"so-widget-sow-editor so-widget-sow-editor-base\"><h3 class=\"widget-title\">Iskustvo i profesionalizam<\/h3>\n<div class=\"siteorigin-widget-tinymce textwidget\">\n\t<p>\t\t\t\t\t\t\t\t<span>U radu koristimo profesionalnu fotografsku i video opremu \u0161to upotpunjujemo kvalitetnom informati\u010dkom podr\u0161kom i trenutno aktualnim softverskim alatima. Na\u0161a prednost je dugogodi\u0161nje iskustvo u fotografiranju. U radu se neprestano usavr\u0161avamo novim znanjima i tehnikama.<\/span><\/p>\n<\/div>\n<\/div><\/div><\/div><div id=\"pgc-533-0-2\"  class=\"panel-grid-cell\" ><div id=\"panel-533-0-2-0\" class=\"so-panel widget widget_sow-editor panel-first-child panel-last-child\" data-index=\"2\" ><div class=\"so-widget-sow-editor so-widget-sow-editor-base\"><h3 class=\"widget-title\">Zadovoljstvo klijenata<\/h3>\n<div class=\"siteorigin-widget-tinymce textwidget\">\n\t<p>Kroz godine, na\u0161e je profesionalno zalaganje rezultiralo tisu\u0107ama zadovoljnih klijenata i milijunima kvalitetnih fotografija.<br \/>\nFotografiramo na terenu ili u studijskim uvjetima.<\/p>\n<\/div>\n<\/div><\/div><\/div><div id=\"pgc-533-0-3\"  class=\"panel-grid-cell\" ><div id=\"panel-533-0-3-0\" class=\"so-panel widget widget_sow-editor panel-first-child panel-last-child\" data-index=\"3\" ><div class=\"so-widget-sow-editor so-widget-sow-editor-base\"><h3 class=\"widget-title\">Pristupa\u010dne cijene<\/h3>\n<div class=\"siteorigin-widget-tinymce textwidget\">\n\t<p>Osim fotografiranja i snimanja videa (video spotovi, promotivni i promid\u017ebeni filmovi), osmislili smo i pregr\u0161t razli\u010ditih proizvoda i usluga  za svoje klijente. Za vas mo\u017eemo izraditi va\u0161e fotografije s razli\u010ditih medija do formata A4, retu\u0161irati stare fotografije, izraditi kolekcije i fotoalbume, skenirati fotografije i sli\u010dno...<br \/>\nI na kraju, po\u017eelite li koristiti na\u0161e usluge iznenadit \u0107emo vas pristupa\u010dnim cijenama.<\/p>\n<\/div>\n<\/div><\/div><\/div><\/div><\/div>","protected":false},"excerpt":{"rendered":"<p>Obiteljski obrt otvoren 1978. godine. Od 2000. godine obrt nastavlja druga generacija obitelji \u0160imuni\u0107. Danas imamo moderno opremljeni digitalni laboratorij, koji nam omogu\u0107ava profesionalnost u izvr\u0161avanju svih fotografskih zadataka. U radu koristimo profesionalnu fotografsku i video opremu \u0161to upotpunjujemo kvalitetnom informati\u010dkom podr\u0161kom i trenutno aktualnim softverskim alatima. Na\u0161a prednost je dugogodi\u0161nje iskustvo u fotografiranju. U [&hellip;]<\/p>\n","protected":false},"author":1,"featured_media":0,"parent":0,"menu_order":0,"comment_status":"closed","ping_status":"closed","template":"template-page-full-width.php","meta":{"footnotes":""},"_links":{"self":[{"href":"http:\/\/foto-simunic.hr\/index.php?rest_route=\/wp\/v2\/pages\/533"}],"collection":[{"href":"http:\/\/foto-simunic.hr\/index.php?rest_route=\/wp\/v2\/pages"}],"about":[{"href":"http:\/\/foto-simunic.hr\/index.php?rest_route=\/wp\/v2\/types\/page"}],"author":[{"embeddable":true,"href":"http:\/\/foto-simunic.hr\/index.php?rest_route=\/wp\/v2\/users\/1"}],"replies":[{"embeddable":true,"href":"http:\/\/foto-simunic.hr\/index.php?rest_route=%2Fwp%2Fv2%2Fcomments&post=533"}],"version-history":[{"count":5,"href":"http:\/\/foto-simunic.hr\/index.php?rest_route=\/wp\/v2\/pages\/533\/revisions"}],"predecessor-version":[{"id":898,"href":"http:\/\/foto-simunic.hr\/index.php?rest_route=\/wp\/v2\/pages\/533\/revisions\/898"}],"wp:attachment":[{"href":"http:\/\/foto-simunic.hr\/index.php?rest_route=%2Fwp%2Fv2%2Fmedia&parent=533"}],"curies":[{"name":"wp","href":"https:\/\/api.w.org\/{rel}","templated":true}]}}